{"id":1081,"date":"2022-10-27T13:12:54","date_gmt":"2022-10-27T11:12:54","guid":{"rendered":"https:\/\/boomkwekerijheeren.nl\/kontakt-lieferung\/"},"modified":"2023-05-03T23:29:20","modified_gmt":"2023-05-03T21:29:20","slug":"kontakt-lieferung","status":"publish","type":"page","link":"https:\/\/boomkwekerijheeren.nl\/de\/kontakt-lieferung\/","title":{"rendered":"Kontakt &amp; Lieferung"},"content":{"rendered":"\n<p>Baumschule Heeren<br\/><strong>Postanschrift<\/strong>: Grote Aardweg 27, 5521RL Eersel<br\/><strong>B\u00fcro und Verladung unter der Adresse<\/strong>: Grote Aardweg 8a, Eersel <br\/><strong>Telefon<\/strong>: +31-6-53364947<br\/><strong>Email<\/strong>: <a href=\"mailto:info@boomkwekerijheeren.nl\">info@boomkwekerijheeren.nl<\/a><\/p>\n\n<p>M\u00f6chten Sie uns besuchen? Dann sind Sie herzlich willkommen. Bitte rufen Sie vorher an.<\/p>\n\n<div class=\"wp-block-stackable-map stk-block-map stk-block stk-9f16089\" data-block-id=\"9f16089\"><iframe title=\"Embedded content from Google Maps Platform.\" src=\"https:\/\/maps.google.com\/maps?q=Grote%20Aardweg%208a,%20Eersel%20&amp;t=&amp;z=13&amp;ie=UTF8&amp;output=embed\" style=\"border:0;width:100%;max-width:none;max-height:none;height:100%;\" aria-hidden=\"false\" tabindex=\"0\" allowfullscreen=\"\" loading=\"lazy\" frameborder=\"0\"><\/iframe><\/div>\n\n<h2 class=\"wp-block-heading\">Lieferung<\/h2>\n\n<p>Gerne besprechen wir mit Ihnen Ihre Liefer- und Transportw\u00fcnsche. Wir sind in der Lage, auf Anfrage schnell zu liefern. Auch f\u00fcr gro\u00dfe Mengen. Bei Bedarf k\u00f6nnen wir auch den Transport organisieren.<\/p>\n","protected":false},"excerpt":{"rendered":"<p>Baumschule HeerenPostanschrift: Grote Aardweg 27, 5521RL EerselB\u00fcro und Verladung unter der Adresse: Grote Aardweg 8a, Eersel Telefon: +31-6-53364947Email: info@boomkwekerijheeren.nl M\u00f6chten Sie uns besuchen? Dann sind Sie herzlich willkommen. Bitte rufen Sie vorher an. Lieferung Gerne besprechen wir mit Ihnen Ihre Liefer- und Transportw\u00fcnsche. Wir sind in der Lage, auf Anfrage schnell zu liefern. Auch f\u00fcr [&hellip;]<\/p>\n","protected":false},"author":2,"featured_media":1023,"parent":0,"menu_order":0,"comment_status":"closed","ping_status":"closed","template":"","meta":{"_seopress_robots_primary_cat":"","_seopress_titles_title":"","_seopress_titles_desc":"","_seopress_robots_index":"","footnotes":""},"class_list":["post-1081","page","type-page","status-publish","has-post-thumbnail","hentry"],"blocksy_meta":{"styles_descriptor":{"styles":{"desktop":"","tablet":"","mobile":""},"google_fonts":[],"version":6},"page_title_panel":"","has_hero_section":"default","71404d5e230839bba687f0e75f3757e7":"","hero_section":"type-1","hero_elements":[{"id":"custom_title","enabled":true,"heading_tag":"h1","title":"Home"},{"id":"custom_description","enabled":true,"description_visibility":{"desktop":true,"tablet":true,"mobile":false}},{"id":"custom_meta","enabled":false,"meta_elements":[{"id":"author","enabled":true,"label":"Door","has_author_avatar":"yes","avatar_size":25},{"id":"post_date","enabled":true,"label":"Op","date_format_source":"default","date_format":"M j, Y"},{"id":"updated_date","enabled":false,"label":"Op","date_format_source":"default","date_format":"M j, Y"},{"id":"categories","enabled":false,"label":"In","style":"simple"},{"id":"comments","enabled":true}],"page_meta_elements":{"joined":true,"articles_count":true,"comments":true}},{"id":"breadcrumbs","enabled":false}],"4341b5135a1aea0984823d6635f44f8b":"","hero_alignment1":"CT_CSS_SKIP_RULE","hero_margin":40,"hero_alignment2":"center","hero_vertical_alignment":"center","6f64921b047e490d32b669d5e8fac2e3":"","hero_structure":"narrow","ed13512a8f9b5e2943e86571cb5e24e1":"","page_title_bg_type":"featured_image","custom_hero_background":{"attachment_id":null},"page_title_image_size":"full","parallax":{"desktop":false,"tablet":false,"mobile":false},"ec3a8ffdfef54160ac2cc25d818591d7":"","hero_height":"250px","pageTitleFont":{"family":"Default","variation":"Default","size":"30px","line-height":"CT_CSS_SKIP_RULE","letter-spacing":"CT_CSS_SKIP_RULE","text-transform":"CT_CSS_SKIP_RULE","text-decoration":"CT_CSS_SKIP_RULE"},"pageTitleFontColor":{"default":{"color":"CT_CSS_SKIP_RULEDEFAULT"}},"pageMetaFont":{"family":"Default","variation":"n6","size":"12px","line-height":"1.3","letter-spacing":"CT_CSS_SKIP_RULE","text-transform":"uppercase","text-decoration":"CT_CSS_SKIP_RULE"},"pageMetaFontColor":{"default":{"color":"CT_CSS_SKIP_RULEDEFAULT"},"hover":{"color":"CT_CSS_SKIP_RULEDEFAULT"}},"page_meta_button_type_font_colors":{"default":{"color":"CT_CSS_SKIP_RULEDEFAULT"},"hover":{"color":"CT_CSS_SKIP_RULEDEFAULT"}},"page_meta_button_type_background_colors":{"default":{"color":"CT_CSS_SKIP_RULEDEFAULT"},"hover":{"color":"CT_CSS_SKIP_RULEDEFAULT"}},"pageExcerptFont":{"family":"Default","variation":"Default","size":"CT_CSS_SKIP_RULE","line-height":"CT_CSS_SKIP_RULE","letter-spacing":"CT_CSS_SKIP_RULE","text-transform":"CT_CSS_SKIP_RULE","text-decoration":"CT_CSS_SKIP_RULE"},"pageExcerptColor":{"default":{"color":"CT_CSS_SKIP_RULEDEFAULT"}},"breadcrumbsFont":{"family":"Default","variation":"Default","size":"CT_CSS_SKIP_RULE","line-height":"CT_CSS_SKIP_RULE","letter-spacing":"CT_CSS_SKIP_RULE","text-transform":"CT_CSS_SKIP_RULE","text-decoration":"CT_CSS_SKIP_RULE"},"breadcrumbsFontColor":{"default":{"color":"CT_CSS_SKIP_RULEDEFAULT"},"initial":{"color":"CT_CSS_SKIP_RULEDEFAULT"},"hover":{"color":"CT_CSS_SKIP_RULEDEFAULT"}},"acf_field_hero_elements":"","typography":{"family":"Default","variation":"Default","size":"CT_CSS_SKIP_RULE","line-height":"CT_CSS_SKIP_RULE","letter-spacing":"CT_CSS_SKIP_RULE","text-transform":"CT_CSS_SKIP_RULE","text-decoration":"CT_CSS_SKIP_RULE"},"color":{"default":{"color":"CT_CSS_SKIP_RULEDEFAULT"},"hover":{"color":"CT_CSS_SKIP_RULEDEFAULT"}},"metabox_field_hero_elements":"","toolset_field_hero_elements":"","jetengine_field_hero_elements":"","custom_field_hero_elements":"","pageTitleOverlay":{"background_type":"color","background_pattern":"type-1","background_image":{"attachment_id":null,"x":0,"y":0},"gradient":"linear-gradient(135deg,rgba(6,147,227,1) 0%,rgb(155,81,224) 100%)","background_repeat":"repeat","background_size":"auto","background_attachment":"scroll","patternColor":{"default":{"color":"#e5e7ea"}},"overlayColor":{"default":{"color":"CT_CSS_SKIP_RULE"}},"backgroundColor":{"default":{"color":"CT_CSS_SKIP_RULE"}}},"pageTitleBackground":{"background_type":"color","background_pattern":"type-1","background_image":{"attachment_id":null,"x":0,"y":0},"gradient":"linear-gradient(135deg,rgba(6,147,227,1) 0%,rgb(155,81,224) 100%)","background_repeat":"repeat","background_size":"auto","background_attachment":"scroll","patternColor":{"default":{"color":"#e5e7ea"}},"overlayColor":{"default":{"color":"CT_CSS_SKIP_RULE"}},"backgroundColor":{"default":{"color":"var(--theme-palette-color-6)"}}},"pageTitlePadding":{"top":"50px","bottom":"50px","left":"auto","right":"auto","linked":true},"69412aede5d71b1a3f88de30951f167c":"","page_structure_type":"type-3","1092cf83de248cd3469861afe1f5e747":"","content_style_source":"inherit","content_style":"wide","vertical_spacing_source":"inherit","content_area_spacing":"both","background":{"background_type":"color","background_pattern":"type-1","background_image":{"attachment_id":null,"x":0,"y":0},"gradient":"linear-gradient(135deg,rgba(6,147,227,1) 0%,rgb(155,81,224) 100%)","background_repeat":"repeat","background_size":"auto","background_attachment":"scroll","patternColor":{"default":{"color":"#e5e7ea"}},"overlayColor":{"default":{"color":"CT_CSS_SKIP_RULE"}},"backgroundColor":{"default":{"color":"CT_CSS_SKIP_RULE"}}},"content_background":{"background_type":"color","background_pattern":"type-1","background_image":{"attachment_id":null,"x":0,"y":0},"gradient":"linear-gradient(135deg,rgba(6,147,227,1) 0%,rgb(155,81,224) 100%)","background_repeat":"repeat","background_size":"auto","background_attachment":"scroll","patternColor":{"default":{"color":"#e5e7ea"}},"overlayColor":{"default":{"color":"CT_CSS_SKIP_RULE"}},"backgroundColor":{"default":{"color":"var(--theme-palette-color-8)"}}},"content_boxed_shadow":{"inherit":false,"blur":18,"spread":-6,"v_offset":12,"h_offset":0,"inset":false,"enable":true,"color":{"color":"rgba(34, 56, 101, 0.04)"}},"content_boxed_border":{"width":1,"style":"none","color":{"color":"rgba(44,62,80,0.2)"}},"content_boxed_radius":{"top":"3px","bottom":"3px","left":"3px","right":"3px","linked":true},"boxed_content_spacing":{"desktop":{"top":"40px","bottom":"40px","left":"40px","right":"40px","linked":true},"tablet":{"top":"35px","bottom":"35px","left":"35px","right":"35px","linked":true},"mobile":{"top":"20px","bottom":"20px","left":"20px","right":"20px","linked":true}},"1987d4cd6a796d0d15fa8d95452a600f":"","disable_featured_image":"no","disable_share_box":"no","disable_header":"no","disable_footer":"no"},"_links":{"self":[{"href":"https:\/\/boomkwekerijheeren.nl\/de\/wp-json\/wp\/v2\/pages\/1081","targetHints":{"allow":["GET"]}}],"collection":[{"href":"https:\/\/boomkwekerijheeren.nl\/de\/wp-json\/wp\/v2\/pages"}],"about":[{"href":"https:\/\/boomkwekerijheeren.nl\/de\/wp-json\/wp\/v2\/types\/page"}],"author":[{"embeddable":true,"href":"https:\/\/boomkwekerijheeren.nl\/de\/wp-json\/wp\/v2\/users\/2"}],"replies":[{"embeddable":true,"href":"https:\/\/boomkwekerijheeren.nl\/de\/wp-json\/wp\/v2\/comments?post=1081"}],"version-history":[{"count":0,"href":"https:\/\/boomkwekerijheeren.nl\/de\/wp-json\/wp\/v2\/pages\/1081\/revisions"}],"wp:featuredmedia":[{"embeddable":true,"href":"https:\/\/boomkwekerijheeren.nl\/de\/wp-json\/wp\/v2\/media\/1023"}],"wp:attachment":[{"href":"https:\/\/boomkwekerijheeren.nl\/de\/wp-json\/wp\/v2\/media?parent=1081"}],"curies":[{"name":"wp","href":"https:\/\/api.w.org\/{rel}","templated":true}]}}