{"id":1040,"date":"2022-10-27T13:10:59","date_gmt":"2022-10-27T11:10:59","guid":{"rendered":"https:\/\/boomkwekerijheeren.nl\/willkommen\/"},"modified":"2026-03-09T18:42:41","modified_gmt":"2026-03-09T17:42:41","slug":"willkommen","status":"publish","type":"page","link":"https:\/\/boomkwekerijheeren.nl\/de\/","title":{"rendered":"Willkommen"},"content":{"rendered":"\n<div class=\"wp-block-stackable-columns alignfull stk-block-columns stk-has-bottom-separator stk-block stk-ce90d56 stk-block-background stk--has-background-overlay\" data-block-id=\"ce90d56\"><style>.stk-ce90d56{background-image:url(https:\/\/boomkwekerijheeren.nl\/wp-content\/uploads\/2022\/11\/header-home-cover.jpg) !important;min-height:65vh !important;align-items:flex-end !important;margin-bottom:0px !important;display:flex !important}.stk-ce90d56:before{opacity:0 !important}.stk-ce90d56 > .stk-separator__bottom svg{fill:var(--theme-palette-color-3,#768736) !important}.stk-ce90d56 > .stk-separator__bottom .stk-separator__wrapper .stk-separator__layer-2{fill:var(--theme-palette-color-3,#768736) !important;opacity:0.3 !important;transform:scaleY(0.85) !important}.stk-ce90d56 > .stk-separator__bottom .stk-separator__wrapper .stk-separator__layer-3{transform:scaleY(0.79) scaleX(1.3) !important}@media screen and (max-width:999px){.stk-ce90d56{background-image:url(https:\/\/boomkwekerijheeren.nl\/wp-content\/uploads\/2023\/01\/header-home-cover-tablet-1.jpg) !important;min-height:550px !important}.stk-ce90d56 > .stk-separator__bottom .stk-separator__wrapper .stk-separator__layer-3{transform:scaleX(1.3) !important}}@media screen and (max-width:689px){.stk-ce90d56{background-image:url(https:\/\/boomkwekerijheeren.nl\/wp-content\/uploads\/2023\/01\/header-home-cover-mobiel-1.jpg) !important;min-height:200px !important}.stk-ce90d56 > .stk-separator__bottom .stk-separator__wrapper .stk-separator__layer-3{transform:scaleX(1.3) !important}}<\/style><div class=\"stk-row stk-inner-blocks stk-block-content stk-content-align stk-ce90d56-column alignfull\">\n<div class=\"wp-block-stackable-column stk-block-column stk-column stk-block stk-cde4982\" data-v=\"4\" data-block-id=\"cde4982\"><style>.stk-cde4982{margin-top:2% !important;margin-right:auto !important;margin-left:0% !important}@media screen and (max-width:999px){.stk-cde4982{max-width:100% !important}}<\/style><div class=\"stk-column-wrapper stk-block-column__content stk-container stk-cde4982-container stk--no-background stk--no-padding\"><div class=\"stk-block-content stk-inner-blocks stk-cde4982-inner-blocks\">\n<div class=\"wp-block-stackable-columns aligncenter stk-block-columns stk-block stk-11d8a2b\" data-block-id=\"11d8a2b\"><style>.stk-11d8a2b{margin-top:10px !important;margin-right:20px !important;margin-left:20px !important}@media screen and (max-width:999px){.stk-11d8a2b{max-width:80% !important;margin-right:0px !important;margin-left:0px !important}}@media screen and (max-width:689px){.stk-11d8a2b{max-width:100% !important;margin-right:0px !important;margin-left:0px !important}}<\/style><div class=\"stk-row stk-inner-blocks stk-block-content stk-content-align stk-11d8a2b-column\">\n<div class=\"wp-block-stackable-column stk-block-column stk-column stk-block stk-3dc329f stk-block-background\" data-v=\"4\" data-block-id=\"3dc329f\"><style>.stk-3dc329f-container{margin-top:0px !important;margin-right:0px !important;margin-bottom:0px !important;margin-left:0px !important}.stk-3dc329f{background-color:rgba(16,30,10,0.6) !important;max-width:670px !important;margin-left:10% !important}.stk-3dc329f:before{background-color:var(--theme-palette-color-6,#101e0a) !important}@media screen and (min-width:690px) and (max-width:999px){.stk-3dc329f{flex:0 1 calc(55% - var(--stk-column-gap,0px) * 1 \/ 2 ) !important}}@media screen and (max-width:999px){.stk-3dc329f{max-width:100% !important;margin-left:0px !important}}@media screen and (max-width:689px){.stk-3dc329f{max-width:100% !important;margin-top:10px !important}}<\/style><div class=\"stk-column-wrapper stk-block-column__content stk-container stk-3dc329f-container stk--no-background stk--no-padding\"><div class=\"stk-block-content stk-inner-blocks stk-3dc329f-inner-blocks\">\n<div class=\"wp-block-stackable-heading stk-block-heading stk-block-heading--v2 stk-block stk-863d6de\" id=\"welkom-op-de-website-van-boomkwekerij-heeren\" data-block-id=\"863d6de\"><style>.stk-863d6de{box-shadow:none !important;margin-bottom:13px !important}.stk-863d6de .stk-block-heading__text{text-shadow:0px 0px 20px rgba(71,73,79,1) !important;color:var(--theme-palette-color-8,#fff) !important;font-weight:800 !important;font-family:\"Raleway\",Sans-serif !important}@media screen and (max-width:689px){.stk-863d6de .stk-block-heading__text{font-size:24px !important}}<\/style><h1 class=\"stk-block-heading__text has-text-color stk-block-heading--use-theme-margins\">Willkommen auf der Website der Baumschule Heeren in Eersel (NL)<\/h1><\/div>\n\n\n\n<div class=\"wp-block-stackable-heading stk-block-heading stk-block-heading--v2 stk-block stk-ea90ef6\" id=\"met-grote-passie-telen-wij-aan-de-rand-van-eersel-coniferen-heesters-en-taxus-bestemd-voor-de-toepassing-in-tuinen-en-parken\" data-block-id=\"ea90ef6\"><style>.stk-ea90ef6 .stk-block-heading__text{color:var(--stk-global-color-58834,#ffffff) !important;font-weight:700 !important}<\/style><h4 class=\"stk-block-heading__text has-text-color has-stk-global-color-58834-color\">Mit gro\u00dfer Leidenschaft z\u00fcchten wir am Rande von Eersel Koniferen, Str\u00e4ucher und Eiben. Bestimmt f\u00fcr die Verwendung in G\u00e4rten und Parks.<\/h4><\/div>\n\n\n\n<div class=\"wp-block-stackable-button-group stk-block-button-group stk-block stk-035c30c\" data-block-id=\"035c30c\"><div class=\"stk-row stk-inner-blocks stk-block-content stk-button-group\">\n<div class=\"wp-block-stackable-button stk-block-button stk-block stk-c22e1e6\" data-block-id=\"c22e1e6\"><style>.stk-c22e1e6 .stk-button{background:var(--theme-palette-color-5,#a81815) !important}.stk-c22e1e6 .stk-button .stk--inner-svg svg:last-child,.stk-c22e1e6 .stk-button .stk--inner-svg svg:last-child :is(g,path,rect,polygon,ellipse){fill:#ed5521 !important}.stk-c22e1e6 .stk-button__inner-text{font-size:18px !important;font-weight:700 !important}@media screen and (max-width:999px){.stk-c22e1e6 .stk-button__inner-text{font-size:18px !important}}@media screen and (max-width:689px){.stk-c22e1e6 .stk-button{min-height:0px !important;padding-top:3px !important;padding-bottom:3px !important}.stk-c22e1e6 .stk-button__inner-text{font-size:18px !important}}<\/style><a class=\"stk-link stk-button stk--hover-effect-darken\" href=\"https:\/\/boomkwekerijheeren.nl\/de\/sortiment\/\"><span class=\"has-stk-global-color-58834-color stk-button__inner-text\">Sehen Sie sich unser Sortiment an<\/span><\/a><\/div>\n<\/div><\/div>\n<\/div><\/div><\/div>\n<\/div><\/div>\n<\/div><\/div><\/div>\n<\/div><div class=\"stk-separator stk-separator__bottom\"><div class=\"stk-separator__wrapper\"><svg xmlns=\"http:\/\/www.w3.org\/2000\/svg\" viewBox=\"0 0 1600 200\" class=\"stk-separator__layer-1\" preserveAspectRatio=\"none\" aria-hidden=\"true\"><path class=\"wave-1_svg__st2\" d=\"M1341.4 48.9c-182.4 0-254.2 80.4-429.4 80.4-117.8 0-209.7-67.5-393.5-67.5-142.2 0-212.6 38.8-324.6 38.8S-10 64.7-10 64.7V210h1620V102c-110.6-40.2-181-53.1-268.6-53.1z\"><\/path><\/svg><svg xmlns=\"http:\/\/www.w3.org\/2000\/svg\" viewBox=\"0 0 1600 200\" preserveAspectRatio=\"none\" class=\"stk-separator__layer-2\" aria-hidden=\"true\"><path d=\"M1361.5 65.9c-63.2 0-93.4-27.3-186.7-27.3-83.3 0-127.8 44.5-238.4 44.5-116.3 0-127.8-51.7-234.1-51.7S542.9 84.6 471.1 84.6c-129.3 0-178.1-79-337.5-83.3C60.2-.7-10 14.2-10 14.2l-.9 185.8h1620l.9-162.8c-57.5 0-137.9 28.7-248.5 28.7z\"><\/path><\/svg><svg xmlns=\"http:\/\/www.w3.org\/2000\/svg\" viewBox=\"0 0 1600 200\" preserveAspectRatio=\"none\" class=\"stk-separator__layer-3\" aria-hidden=\"true\"><path d=\"M1476.4 15.9c-146.5 0-146.5 64.6-285.8 64.6-119.2 0-106.3-53.1-271.4-53.1-93.4 0-125 41.6-231.3 41.6-93.3 0-114.9-43.1-248.4-43.1S183.8 129.3 96.2 129.3H-10V206h1620V37.4s-43.1-21.5-133.6-21.5z\"><\/path><\/svg><\/div><\/div><\/div>\n\n<div class=\"wp-block-stackable-columns aligncenter stk-block-columns stk-block stk-1691e3a\" data-block-id=\"1691e3a\"><style>.stk-1691e3a{box-shadow:0px 10px 30px rgba(0,0,0,0.05) !important;margin-top:-30px !important}<\/style><div class=\"stk-row stk-inner-blocks stk-block-content stk-content-align stk-1691e3a-column\">\n<div class=\"wp-block-stackable-column stk-block-column stk-column stk-block stk-ae48cb8 stk-block-background\" data-v=\"4\" data-block-id=\"ae48cb8\"><style>.stk-ae48cb8{background-color:rgba(27,56,19,1) !important}.stk-ae48cb8:before{background-color:var(--theme-palette-color-1,#1b3813) !important}<\/style><div class=\"stk-column-wrapper stk-block-column__content stk-container stk-ae48cb8-container stk--no-background stk--no-padding\"><div class=\"stk-block-content stk-inner-blocks stk-ae48cb8-inner-blocks\">\n<div class=\"wp-block-stackable-text stk-block-text stk-block stk-2d12329\" data-block-id=\"2d12329\"><style>.stk-2d12329 .stk-block-text__text{color:var(--theme-palette-color-8,#fff) !important}<\/style><p class=\"stk-block-text__text has-text-color\"><strong>F\u00fcr die Baumschule Heeren liegt die Basis im Boden! Seit mehr als 40 Jahren ist unser Ausgangspunkt ein gesunder Boden. In dieser Zeit haben wir viel Wissen \u00fcber nachhaltigen Anbau und Bodenverbesserung gesammelt. Wenn wir neue Grundst\u00fccke erwerben, achten wir auf die Bodenqualit\u00e4t.<\/strong><\/p><\/div>\n<\/div><\/div><\/div>\n\n\n\n<div class=\"wp-block-stackable-column stk-block-column stk-column stk-block stk-09bf46b stk-block-background\" data-v=\"4\" data-block-id=\"09bf46b\"><style>.stk-09bf46b{background-color:var(--theme-palette-color-8,#fff) !important;border-style:solid !important;border-color:#e2e2e2 !important;border-top-width:0px !important;border-right-width:0px !important;border-bottom-width:0px !important;border-left-width:1px !important}.stk-09bf46b:before{background-color:var(--theme-palette-color-8,#fff) !important}<\/style><div class=\"stk-column-wrapper stk-block-column__content stk-container stk-09bf46b-container stk--no-background stk--no-padding\"><div class=\"stk-block-content stk-inner-blocks stk-09bf46b-inner-blocks\">\n<div class=\"wp-block-stackable-text stk-block-text stk-block stk-7eb5f53\" data-block-id=\"7eb5f53\"><style>.stk-7eb5f53 .stk-block-text__text{color:var(--theme-palette-color-1,#1b3813) !important}<\/style><p class=\"stk-block-text__text has-text-color\"><strong>Mit einem gesunden Boden und nachhaltigen Methoden k\u00f6nnen wir hochwertige Pflanzen liefern. F\u00fcr Sie als Kunde bedeutet das, dass Sie eine gesunde und kr\u00e4ftige Pflanze erhalten, die viel aushalten kann<\/strong>!<\/p><\/div>\n<\/div><\/div><\/div>\n\n\n\n<div class=\"wp-block-stackable-column stk-block-column stk-column stk-block stk-52c51e1 stk-block-background stk--has-background-overlay\" data-v=\"4\" data-block-id=\"52c51e1\"><style>.stk-52c51e1{background-image:url(https:\/\/boomkwekerijheeren.nl\/wp-content\/uploads\/2023\/09\/boomkwekerij-heeren-jos-heeren-ws.jpg) !important;align-items:flex-end !important;display:flex !important}@media screen and (max-width:689px){.stk-52c51e1-container{min-height:240px !important}}<\/style><div class=\"stk-column-wrapper stk-block-column__content stk-container stk-52c51e1-container stk--no-background stk--no-padding\"><div class=\"stk-block-content stk-inner-blocks stk-52c51e1-inner-blocks\">\n<div class=\"wp-block-stackable-text stk-block-text stk-block stk-74b6527\" data-block-id=\"74b6527\"><style>.stk-74b6527 .stk-block-text__text{color:var(--theme-palette-color-8,#fff) !important}<\/style><p class=\"stk-block-text__text has-text-color\"><strong>Jos Heeren, Eersel, die Niederlande<\/strong><\/p><\/div>\n<\/div><\/div><\/div>\n<\/div><\/div>\n","protected":false},"excerpt":{"rendered":"<p>Willkommen auf der Website der Baumschule Heeren in Eersel (NL) Mit gro\u00dfer Leidenschaft z\u00fcchten wir am Rande von Eersel Koniferen, Str\u00e4ucher und Eiben. Bestimmt f\u00fcr die Verwendung in G\u00e4rten und Parks. Sehen Sie sich unser Sortiment an F\u00fcr die Baumschule Heeren liegt die Basis im Boden! Seit mehr als 40 Jahren ist unser Ausgangspunkt ein [&hellip;]<\/p>\n","protected":false},"author":2,"featured_media":0,"parent":0,"menu_order":0,"comment_status":"closed","ping_status":"closed","template":"","meta":{"_seopress_robots_primary_cat":"","_seopress_titles_title":"","_seopress_titles_desc":"","_seopress_robots_index":"","footnotes":""},"class_list":["post-1040","page","type-page","status-publish","hentry"],"blocksy_meta":{"styles_descriptor":{"styles":{"desktop":"[data-prefix=\"single_page\"] {background-color:var(--theme-palette-color-3);background-image:none;}","tablet":"","mobile":""},"google_fonts":[],"version":6},"page_title_panel":"","has_hero_section":"disabled","8952afea809bcb7110fe9d5bdb4ab82c":"","hero_section":"type-1","hero_elements":[{"id":"custom_title","enabled":true,"heading_tag":"h1","title":"Home"},{"id":"custom_description","enabled":true,"description_visibility":{"desktop":true,"tablet":true,"mobile":false}},{"id":"custom_meta","enabled":false,"meta_elements":[{"id":"author","enabled":true,"label":"Door","has_author_avatar":"yes","avatar_size":25},{"id":"post_date","enabled":true,"label":"Op","date_format_source":"default","date_format":"M j, Y"},{"id":"updated_date","enabled":false,"label":"Op","date_format_source":"default","date_format":"M j, Y"},{"id":"categories","enabled":false,"label":"In","style":"simple"},{"id":"comments","enabled":true}],"page_meta_elements":{"joined":true,"articles_count":true,"comments":true}},{"id":"breadcrumbs","enabled":false}],"539b8383800c8e534286822ee0641315":"","hero_alignment1":"CT_CSS_SKIP_RULE","hero_margin":40,"hero_alignment2":"center","hero_vertical_alignment":"center","f3eda61f7a3cb71b0c632f888a55c102":"","hero_structure":"narrow","2a9f406a294884ffa7fbc27c87f34feb":"","page_title_bg_type":"featured_image","custom_hero_background":{"attachment_id":null},"page_title_image_size":"full","parallax":{"desktop":false,"tablet":false,"mobile":false},"c5280b420528728b8174e78b6af3b7ed":"","hero_height":"250px","pageTitleFont":{"family":"Default","variation":"Default","size":"30px","line-height":"CT_CSS_SKIP_RULE","letter-spacing":"CT_CSS_SKIP_RULE","text-transform":"CT_CSS_SKIP_RULE","text-decoration":"CT_CSS_SKIP_RULE"},"pageTitleFontColor":{"default":{"color":"CT_CSS_SKIP_RULEDEFAULT"}},"pageMetaFont":{"family":"Default","variation":"n6","size":"12px","line-height":"1.3","letter-spacing":"CT_CSS_SKIP_RULE","text-transform":"uppercase","text-decoration":"CT_CSS_SKIP_RULE"},"pageMetaFontColor":{"default":{"color":"CT_CSS_SKIP_RULEDEFAULT"},"hover":{"color":"CT_CSS_SKIP_RULEDEFAULT"}},"page_meta_button_type_font_colors":{"default":{"color":"CT_CSS_SKIP_RULEDEFAULT"},"hover":{"color":"CT_CSS_SKIP_RULEDEFAULT"}},"page_meta_button_type_background_colors":{"default":{"color":"CT_CSS_SKIP_RULEDEFAULT"},"hover":{"color":"CT_CSS_SKIP_RULEDEFAULT"}},"pageExcerptFont":{"family":"Default","variation":"Default","size":"CT_CSS_SKIP_RULE","line-height":"CT_CSS_SKIP_RULE","letter-spacing":"CT_CSS_SKIP_RULE","text-transform":"CT_CSS_SKIP_RULE","text-decoration":"CT_CSS_SKIP_RULE"},"pageExcerptColor":{"default":{"color":"CT_CSS_SKIP_RULEDEFAULT"}},"breadcrumbsFont":{"family":"Default","variation":"Default","size":"CT_CSS_SKIP_RULE","line-height":"CT_CSS_SKIP_RULE","letter-spacing":"CT_CSS_SKIP_RULE","text-transform":"CT_CSS_SKIP_RULE","text-decoration":"CT_CSS_SKIP_RULE"},"breadcrumbsFontColor":{"default":{"color":"CT_CSS_SKIP_RULEDEFAULT"},"initial":{"color":"CT_CSS_SKIP_RULEDEFAULT"},"hover":{"color":"CT_CSS_SKIP_RULEDEFAULT"}},"pageTitleOverlay":{"background_type":"color","background_pattern":"type-1","background_image":{"attachment_id":null,"x":0,"y":0},"gradient":"linear-gradient(135deg,rgba(6,147,227,1) 0%,rgb(155,81,224) 100%)","background_repeat":"repeat","background_size":"auto","background_attachment":"scroll","patternColor":{"default":{"color":"#e5e7ea"}},"overlayColor":{"default":{"color":"CT_CSS_SKIP_RULE"}},"backgroundColor":{"default":{"color":"CT_CSS_SKIP_RULE"}}},"pageTitleBackground":{"background_type":"color","background_pattern":"type-1","background_image":{"attachment_id":null,"x":0,"y":0},"gradient":"linear-gradient(135deg,rgba(6,147,227,1) 0%,rgb(155,81,224) 100%)","background_repeat":"repeat","background_size":"auto","background_attachment":"scroll","patternColor":{"default":{"color":"#e5e7ea"}},"overlayColor":{"default":{"color":"CT_CSS_SKIP_RULE"}},"backgroundColor":{"default":{"color":"var(--theme-palette-color-6)"}}},"pageTitlePadding":{"top":"50px","bottom":"50px","left":"auto","right":"auto","linked":true},"824fb3086fbc783696bbcaa5752b693f":"","page_structure_type":"type-4","644ab4f8220b30aea79a74a3691b0b23":"","content_style_source":"inherit","content_style":"wide","vertical_spacing_source":"custom","content_area_spacing":"bottom","background":{"background_type":{"background_type":"color","background_pattern":"type-1","background_image":{"attachment_id":null,"x":0,"y":0},"gradient":"linear-gradient(135deg,rgba(6,147,227,1) 0%,rgb(155,81,224) 100%)","background_repeat":"repeat","background_size":"auto","background_attachment":"scroll","patternColor":{"default":{"color":"#e5e7ea"}},"overlayColor":{"default":{"color":"CT_CSS_SKIP_RULE"}},"backgroundColor":{"default":{"color":"var(--theme-palette-color-3)"}}},"background_pattern":{"background_type":"color","background_pattern":"type-1","background_image":{"attachment_id":null,"x":0,"y":0},"gradient":"linear-gradient(135deg,rgba(6,147,227,1) 0%,rgb(155,81,224) 100%)","background_repeat":"repeat","background_size":"auto","background_attachment":"scroll","patternColor":{"default":{"color":"#e5e7ea"}},"overlayColor":{"default":{"color":"CT_CSS_SKIP_RULE"}},"backgroundColor":{"default":{"color":"var(--theme-palette-color-3)"}}},"background_image":{"background_type":"color","background_pattern":"type-1","background_image":{"attachment_id":null,"x":0,"y":0},"gradient":"linear-gradient(135deg,rgba(6,147,227,1) 0%,rgb(155,81,224) 100%)","background_repeat":"repeat","background_size":"auto","background_attachment":"scroll","patternColor":{"default":{"color":"#e5e7ea"}},"overlayColor":{"default":{"color":"CT_CSS_SKIP_RULE"}},"backgroundColor":{"default":{"color":"var(--theme-palette-color-3)"}}},"gradient":{"background_type":"color","background_pattern":"type-1","background_image":{"attachment_id":null,"x":0,"y":0},"gradient":"linear-gradient(135deg,rgba(6,147,227,1) 0%,rgb(155,81,224) 100%)","background_repeat":"repeat","background_size":"auto","background_attachment":"scroll","patternColor":{"default":{"color":"#e5e7ea"}},"overlayColor":{"default":{"color":"CT_CSS_SKIP_RULE"}},"backgroundColor":{"default":{"color":"var(--theme-palette-color-3)"}}},"background_repeat":{"background_type":"color","background_pattern":"type-1","background_image":{"attachment_id":null,"x":0,"y":0},"gradient":"linear-gradient(135deg,rgba(6,147,227,1) 0%,rgb(155,81,224) 100%)","background_repeat":"repeat","background_size":"auto","background_attachment":"scroll","patternColor":{"default":{"color":"#e5e7ea"}},"overlayColor":{"default":{"color":"CT_CSS_SKIP_RULE"}},"backgroundColor":{"default":{"color":"var(--theme-palette-color-3)"}}},"background_size":{"background_type":"color","background_pattern":"type-1","background_image":{"attachment_id":null,"x":0,"y":0},"gradient":"linear-gradient(135deg,rgba(6,147,227,1) 0%,rgb(155,81,224) 100%)","background_repeat":"repeat","background_size":"auto","background_attachment":"scroll","patternColor":{"default":{"color":"#e5e7ea"}},"overlayColor":{"default":{"color":"CT_CSS_SKIP_RULE"}},"backgroundColor":{"default":{"color":"var(--theme-palette-color-3)"}}},"background_attachment":{"background_type":"color","background_pattern":"type-1","background_image":{"attachment_id":null,"x":0,"y":0},"gradient":"linear-gradient(135deg,rgba(6,147,227,1) 0%,rgb(155,81,224) 100%)","background_repeat":"repeat","background_size":"auto","background_attachment":"scroll","patternColor":{"default":{"color":"#e5e7ea"}},"overlayColor":{"default":{"color":"CT_CSS_SKIP_RULE"}},"backgroundColor":{"default":{"color":"var(--theme-palette-color-3)"}}},"patternColor":{"background_type":"color","background_pattern":"type-1","background_image":{"attachment_id":null,"x":0,"y":0},"gradient":"linear-gradient(135deg,rgba(6,147,227,1) 0%,rgb(155,81,224) 100%)","background_repeat":"repeat","background_size":"auto","background_attachment":"scroll","patternColor":{"default":{"color":"#e5e7ea"}},"overlayColor":{"default":{"color":"CT_CSS_SKIP_RULE"}},"backgroundColor":{"default":{"color":"var(--theme-palette-color-3)"}}},"overlayColor":{"background_type":"color","background_pattern":"type-1","background_image":{"attachment_id":null,"x":0,"y":0},"gradient":"linear-gradient(135deg,rgba(6,147,227,1) 0%,rgb(155,81,224) 100%)","background_repeat":"repeat","background_size":"auto","background_attachment":"scroll","patternColor":{"default":{"color":"#e5e7ea"}},"overlayColor":{"default":{"color":"CT_CSS_SKIP_RULE"}},"backgroundColor":{"default":{"color":"var(--theme-palette-color-3)"}}},"backgroundColor":{"background_type":"color","background_pattern":"type-1","background_image":{"attachment_id":null,"x":0,"y":0},"gradient":"linear-gradient(135deg,rgba(6,147,227,1) 0%,rgb(155,81,224) 100%)","background_repeat":"repeat","background_size":"auto","background_attachment":"scroll","patternColor":{"default":{"color":"#e5e7ea"}},"overlayColor":{"default":{"color":"CT_CSS_SKIP_RULE"}},"backgroundColor":{"default":{"color":"var(--theme-palette-color-3)"}}},"desktop":{"background_type":"color","background_pattern":"type-1","background_image":{"attachment_id":null,"x":0,"y":0},"gradient":"linear-gradient(135deg,rgba(6,147,227,1) 0%,rgb(155,81,224) 100%)","background_repeat":"repeat","background_size":"auto","background_attachment":"scroll","patternColor":{"default":{"color":"#e5e7ea"}},"overlayColor":{"default":{"color":"CT_CSS_SKIP_RULE"}},"backgroundColor":{"default":{"color":"var(--theme-palette-color-3)"}}},"tablet":{"background_type":"color","background_pattern":"type-1","background_image":{"attachment_id":null,"x":0,"y":0},"gradient":"linear-gradient(135deg,rgba(6,147,227,1) 0%,rgb(155,81,224) 100%)","background_repeat":"repeat","background_size":"auto","background_attachment":"scroll","patternColor":{"default":{"color":"#e5e7ea"}},"overlayColor":{"default":{"color":"CT_CSS_SKIP_RULE"}},"backgroundColor":{"default":{"color":"var(--theme-palette-color-3)"}}},"mobile":{"background_type":"color","background_pattern":"type-1","background_image":{"attachment_id":null,"x":0,"y":0},"gradient":"linear-gradient(135deg,rgba(6,147,227,1) 0%,rgb(155,81,224) 100%)","background_repeat":"repeat","background_size":"auto","background_attachment":"scroll","patternColor":{"default":{"color":"#e5e7ea"}},"overlayColor":{"default":{"color":"CT_CSS_SKIP_RULE"}},"backgroundColor":{"default":{"color":"var(--theme-palette-color-3)"}}},"__changed":[]},"content_background":{"background_type":"color","background_pattern":"type-1","background_image":{"attachment_id":null,"x":0,"y":0},"gradient":"linear-gradient(135deg,rgba(6,147,227,1) 0%,rgb(155,81,224) 100%)","background_repeat":"repeat","background_size":"auto","background_attachment":"scroll","patternColor":{"default":{"color":"#e5e7ea"}},"overlayColor":{"default":{"color":"CT_CSS_SKIP_RULE"}},"backgroundColor":{"default":{"color":"var(--theme-palette-color-8)"}}},"content_boxed_shadow":{"inherit":false,"blur":18,"spread":-6,"v_offset":12,"h_offset":0,"inset":false,"enable":true,"color":{"color":"rgba(34, 56, 101, 0.04)"}},"content_boxed_border":{"width":1,"style":"none","color":{"color":"rgba(44,62,80,0.2)"}},"content_boxed_radius":{"top":"3px","bottom":"3px","left":"3px","right":"3px","linked":true},"boxed_content_spacing":{"desktop":{"top":"40px","bottom":"40px","left":"40px","right":"40px","linked":true},"tablet":{"top":"35px","bottom":"35px","left":"35px","right":"35px","linked":true},"mobile":{"top":"20px","bottom":"20px","left":"20px","right":"20px","linked":true}},"b4a874d3623636ce890447e6c323a2b7":"","disable_featured_image":"no","disable_share_box":"no","disable_header":"no","disable_footer":"no","75022abfb9a6b256357637b5a0a23a31":"","ea5b69e634bb104d04cd0d640664d1f0":"","425f7f3ea2d0de901cb277d29d30f163":"","a384fb4f160d2c08693851304e14290f":"","b46a67be3b5e586bc58853b6e6ff0dcf":"","49e09d1be85d73ff1ece6e218da37fe1":"","555701ce4a40d5bf6f90fae578fafc72":"","20b03a6c01b23b5d2963624885083670":"","c024a78ee5ca95e5c1ff12b972ba0f41":"","27d98a2f3241aee7193ef1fed8563f54":"","6e959be1990a79445c159c9f856cfcc2":"","083c2653702ebf0cb0d030dfa3978770":"","e7c6070b1e4c62f1e729f23cf4e3bed7":"","58f41a87cc3e84f73c951e9f26e7729e":"","dc2553667512c029070e5e69623852d2":"","45dbc8acb7db7b37e105abe3d60e2d4e":"","bac0185802f72edadfe7dcae5bdac68a":"","8d5af4996bc1629b96474606552b5b24":"","fdfb687b0dd51c7956731551208776f7":"","fdcc08c8ac741ef3b8e529178bc352d4":"","a60e7fe31d8a7cfac5f6872e40ddeefe":"","d5a973aa9018d5d61c63857b18cd84b1":"","c95bb793bb49f7eafca08c63471e543b":"","30837b8e6f4f930898da6551d2663497":""},"_links":{"self":[{"href":"https:\/\/boomkwekerijheeren.nl\/de\/wp-json\/wp\/v2\/pages\/1040","targetHints":{"allow":["GET"]}}],"collection":[{"href":"https:\/\/boomkwekerijheeren.nl\/de\/wp-json\/wp\/v2\/pages"}],"about":[{"href":"https:\/\/boomkwekerijheeren.nl\/de\/wp-json\/wp\/v2\/types\/page"}],"author":[{"embeddable":true,"href":"https:\/\/boomkwekerijheeren.nl\/de\/wp-json\/wp\/v2\/users\/2"}],"replies":[{"embeddable":true,"href":"https:\/\/boomkwekerijheeren.nl\/de\/wp-json\/wp\/v2\/comments?post=1040"}],"version-history":[{"count":1,"href":"https:\/\/boomkwekerijheeren.nl\/de\/wp-json\/wp\/v2\/pages\/1040\/revisions"}],"predecessor-version":[{"id":2204,"href":"https:\/\/boomkwekerijheeren.nl\/de\/wp-json\/wp\/v2\/pages\/1040\/revisions\/2204"}],"wp:attachment":[{"href":"https:\/\/boomkwekerijheeren.nl\/de\/wp-json\/wp\/v2\/media?parent=1040"}],"curies":[{"name":"wp","href":"https:\/\/api.w.org\/{rel}","templated":true}]}}